{"id":27,"date":"2026-01-24T22:10:05","date_gmt":"2026-01-24T21:10:05","guid":{"rendered":"https:\/\/freistellungde.pl\/?page_id=27"},"modified":"2026-01-24T22:10:05","modified_gmt":"2026-01-24T21:10:05","slug":"uslugi","status":"publish","type":"page","link":"https:\/\/freistellungde.pl\/?page_id=27","title":{"rendered":"Us\u0142ugi"},"content":{"rendered":"\n<p>\u015awiadczymy kompleksow\u0105 obs\u0142ug\u0119 formalno-podatkow\u0105 polskich firm dzia\u0142aj\u0105cych w Niemczech.<br>Poni\u017cej znajdziesz szczeg\u00f3\u0142owy zakres us\u0142ug \u2013 ka\u017cda opisana jasno i zrozumiale. <\/p>\n\n\n\n<p><\/p>\n","protected":false},"excerpt":{"rendered":"<p>\u015awiadczymy kompleksow\u0105 obs\u0142ug\u0119 formalno-podatkow\u0105 polskich firm dzia\u0142aj\u0105cych w Niemczech.Poni\u017cej znajdziesz szczeg\u00f3\u0142owy zakres us\u0142ug \u2013 ka\u017cda opisana jasno i zrozumiale.<\/p>\n","protected":false},"author":1,"featured_media":0,"parent":0,"menu_order":0,"comment_status":"closed","ping_status":"closed","template":"","meta":{"footnotes":""},"class_list":["post-27","page","type-page","status-publish","hentry"],"_links":{"self":[{"href":"https:\/\/freistellungde.pl\/index.php?rest_route=\/wp\/v2\/pages\/27","targetHints":{"allow":["GET"]}}],"collection":[{"href":"https:\/\/freistellungde.pl\/index.php?rest_route=\/wp\/v2\/pages"}],"about":[{"href":"https:\/\/freistellungde.pl\/index.php?rest_route=\/wp\/v2\/types\/page"}],"author":[{"embeddable":true,"href":"https:\/\/freistellungde.pl\/index.php?rest_route=\/wp\/v2\/users\/1"}],"replies":[{"embeddable":true,"href":"https:\/\/freistellungde.pl\/index.php?rest_route=%2Fwp%2Fv2%2Fcomments&post=27"}],"version-history":[{"count":4,"href":"https:\/\/freistellungde.pl\/index.php?rest_route=\/wp\/v2\/pages\/27\/revisions"}],"predecessor-version":[{"id":85,"href":"https:\/\/freistellungde.pl\/index.php?rest_route=\/wp\/v2\/pages\/27\/revisions\/85"}],"wp:attachment":[{"href":"https:\/\/freistellungde.pl\/index.php?rest_route=%2Fwp%2Fv2%2Fmedia&parent=27"}],"curies":[{"name":"wp","href":"https:\/\/api.w.org\/{rel}","templated":true}]}}