{"id":31,"date":"2026-01-24T22:38:51","date_gmt":"2026-01-24T21:38:51","guid":{"rendered":"https:\/\/freistellungde.pl\/?page_id=31"},"modified":"2026-01-24T22:38:51","modified_gmt":"2026-01-24T21:38:51","slug":"bauabzugsteuer-zwrot-podatku","status":"publish","type":"page","link":"https:\/\/freistellungde.pl\/?page_id=31","title":{"rendered":"Bauabzugsteuer \u2013 zwrot 15% podatku budowlanego"},"content":{"rendered":"\n<h3 class=\"wp-block-heading\"><strong>Bauabzugsteuer<\/strong>&nbsp;to 15-procentowy podatek budowlany potr\u0105cany przez niemieckiego zleceniodawc\u0119 na podstawie \u00a748 niemieckiej ustawy o podatku dochodowym (<strong>Einkommensteuergesetz \u2013 EStG<\/strong>), je\u017celi wykonawca realizuj\u0105cy prace budowlane na terenie Niemiec&nbsp;<strong>nie posiada wa\u017cnej Freistellungsbescheinigung<\/strong>.<\/h3>\n\n\n\n<p>Potr\u0105cony podatek przekazywany jest przez kontrahenta bezpo\u015brednio do w\u0142a\u015bciwego niemieckiego urz\u0119du skarbowego (<strong>Finanzamt<\/strong>).<br>Podatek ten&nbsp;<strong>nie jest podatkiem ostatecznym<\/strong>&nbsp;i w wielu przypadkach mo\u017ce zosta\u0107&nbsp;<strong>odzyskany przez przedsi\u0119biorc\u0119<\/strong>&nbsp;w drodze odpowiedniego wniosku.<\/p>\n\n\n\n<p>Zwrot Bauabzugsteuer nast\u0119puje po:<\/p>\n\n\n\n<ul class=\"wp-block-list\">\n<li>prawid\u0142owym wykazaniu przychod\u00f3w,<\/li>\n\n\n\n<li>z\u0142o\u017ceniu wymaganej dokumentacji,<\/li>\n\n\n\n<li>przeprowadzeniu weryfikacji przez Finanzamt.<\/li>\n<\/ul>\n\n\n\n<p>W ramach us\u0142ugi zajmujemy si\u0119:<\/p>\n\n\n\n<ul class=\"wp-block-list\">\n<li>analiz\u0105 potr\u0105conych kwot Bauabzugsteuer,<\/li>\n\n\n\n<li>ustaleniem w\u0142a\u015bciwego Finanzamtu,<\/li>\n\n\n\n<li>przygotowaniem wniosk\u00f3w o zwrot podatku,<\/li>\n\n\n\n<li>kompletowaniem dokument\u00f3w (faktury, zestawienia, potwierdzenia),<\/li>\n\n\n\n<li>prowadzeniem korespondencji i wyja\u015bnie\u0144 z urz\u0119dem a\u017c do zako\u0144czenia sprawy.<\/li>\n<\/ul>\n\n\n\n<hr class=\"wp-block-separator has-alpha-channel-opacity\"\/>\n\n\n\n<h3 class=\"wp-block-heading\"><strong>Co to oznacza w praktyce?<\/strong><\/h3>\n\n\n\n<p>Je\u017celi niemiecki kontrahent potr\u0105ci\u0142 Ci&nbsp;<strong>15% z faktur<\/strong>, oznacza to, \u017ce:<\/p>\n\n\n\n<ul class=\"wp-block-list\">\n<li>pieni\u0105dze\u00a0<strong>nie przepadaj\u0105 automatycznie<\/strong>,<\/li>\n\n\n\n<li>\u015brodki trafi\u0142y na konto niemieckiego urz\u0119du skarbowego,<\/li>\n\n\n\n<li>mo\u017cesz wyst\u0105pi\u0107 o ich\u00a0<strong>zwrot<\/strong>, o ile spe\u0142nione s\u0105 warunki formalne.<\/li>\n<\/ul>\n\n\n\n<p>Zwrot Bauabzugsteuer oznacza:<\/p>\n\n\n\n<ul class=\"wp-block-list\">\n<li>odzyskanie wcze\u015bniej potr\u0105conych \u015brodk\u00f3w,<\/li>\n\n\n\n<li>popraw\u0119 p\u0142ynno\u015bci finansowej,<\/li>\n\n\n\n<li>zako\u0144czenie sprawy podatkowej zgodnie z niemieckimi przepisami.<\/li>\n<\/ul>\n\n\n\n<p>W praktyce brak dzia\u0142a\u0144 w tym zakresie cz\u0119sto powoduje, \u017ce przedsi\u0119biorcy&nbsp;<strong>nie\u015bwiadomie rezygnuj\u0105 z nale\u017cnych im pieni\u0119dzy<\/strong>.<\/p>\n\n\n\n<hr class=\"wp-block-separator has-alpha-channel-opacity\"\/>\n\n\n\n<h3 class=\"wp-block-heading\"><strong>Kiedy ta us\u0142uga jest szczeg\u00f3lnie potrzebna?<\/strong><\/h3>\n\n\n\n<p>Najcz\u0119\u015bciej prowadzimy sprawy zwrotu Bauabzugsteuer, gdy:<\/p>\n\n\n\n<ul class=\"wp-block-list\">\n<li>dosz\u0142o ju\u017c do potr\u0105ce\u0144 15% z faktur,<\/li>\n\n\n\n<li>przedsi\u0119biorca nie posiada\u0142 Freistellungu w momencie wykonywania prac,<\/li>\n\n\n\n<li>kontrahent potr\u0105ca\u0142 podatek przez d\u0142u\u017cszy okres,<\/li>\n\n\n\n<li>przedsi\u0119biorca zako\u0144czy\u0142 prace w Niemczech i chce rozliczy\u0107 wcze\u015bniejsze potr\u0105cenia,<\/li>\n\n\n\n<li>urz\u0105d wezwa\u0142 do z\u0142o\u017cenia wyja\u015bnie\u0144 lub dokument\u00f3w.<\/li>\n<\/ul>\n\n\n\n<hr class=\"wp-block-separator has-alpha-channel-opacity\"\/>\n\n\n\n<h3 class=\"wp-block-heading\"><strong>Jak mo\u017cemy pom\u00f3c?<\/strong><\/h3>\n\n\n\n<p>Analizujemy dokumenty i sprawdzamy, czy zwrot Bauabzugsteuer jest mo\u017cliwy w danej sytuacji.<br>Nast\u0119pnie przygotowujemy kompletny wniosek oraz prowadzimy korespondencj\u0119 z Finanzamtem a\u017c do momentu wydania decyzji.<\/p>\n\n\n\n<p>Celem us\u0142ugi jest&nbsp;<strong>odzyskanie potr\u0105conych \u015brodk\u00f3w<\/strong>&nbsp;oraz prawid\u0142owe zamkni\u0119cie sprawy podatkowej w Niemczech.<\/p>\n\n\n\n<p><\/p>\n","protected":false},"excerpt":{"rendered":"<p>Bauabzugsteuer&nbsp;to 15-procentowy podatek budowlany potr\u0105cany przez niemieckiego zleceniodawc\u0119 na podstawie \u00a748 niemieckiej ustawy o podatku dochodowym (Einkommensteuergesetz \u2013 EStG), je\u017celi wykonawca realizuj\u0105cy prace budowlane na terenie Niemiec&nbsp;nie posiada wa\u017cnej Freistellungsbescheinigung. Potr\u0105cony podatek przekazywany jest przez kontrahenta bezpo\u015brednio do w\u0142a\u015bciwego niemieckiego urz\u0119du skarbowego (Finanzamt).Podatek ten&nbsp;nie jest podatkiem ostatecznym&nbsp;i w wielu przypadkach mo\u017ce zosta\u0107&nbsp;odzyskany przez przedsi\u0119biorc\u0119&nbsp;w drodze &hellip; <\/p>\n<p class=\"link-more\"><a href=\"https:\/\/freistellungde.pl\/?page_id=31\" class=\"more-link\">Continue reading<span class=\"screen-reader-text\"> &#8220;Bauabzugsteuer \u2013 zwrot 15% podatku budowlanego&#8221;<\/span><\/a><\/p>\n","protected":false},"author":1,"featured_media":0,"parent":27,"menu_order":0,"comment_status":"closed","ping_status":"closed","template":"","meta":{"footnotes":""},"class_list":["post-31","page","type-page","status-publish","hentry"],"_links":{"self":[{"href":"https:\/\/freistellungde.pl\/index.php?rest_route=\/wp\/v2\/pages\/31","targetHints":{"allow":["GET"]}}],"collection":[{"href":"https:\/\/freistellungde.pl\/index.php?rest_route=\/wp\/v2\/pages"}],"about":[{"href":"https:\/\/freistellungde.pl\/index.php?rest_route=\/wp\/v2\/types\/page"}],"author":[{"embeddable":true,"href":"https:\/\/freistellungde.pl\/index.php?rest_route=\/wp\/v2\/users\/1"}],"replies":[{"embeddable":true,"href":"https:\/\/freistellungde.pl\/index.php?rest_route=%2Fwp%2Fv2%2Fcomments&post=31"}],"version-history":[{"count":3,"href":"https:\/\/freistellungde.pl\/index.php?rest_route=\/wp\/v2\/pages\/31\/revisions"}],"predecessor-version":[{"id":99,"href":"https:\/\/freistellungde.pl\/index.php?rest_route=\/wp\/v2\/pages\/31\/revisions\/99"}],"up":[{"embeddable":true,"href":"https:\/\/freistellungde.pl\/index.php?rest_route=\/wp\/v2\/pages\/27"}],"wp:attachment":[{"href":"https:\/\/freistellungde.pl\/index.php?rest_route=%2Fwp%2Fv2%2Fmedia&parent=31"}],"curies":[{"name":"wp","href":"https:\/\/api.w.org\/{rel}","templated":true}]}}