{"id":35,"date":"2026-01-24T20:47:52","date_gmt":"2026-01-24T19:47:52","guid":{"rendered":"https:\/\/freistellungde.pl\/?page_id=35"},"modified":"2026-01-24T20:47:52","modified_gmt":"2026-01-24T19:47:52","slug":"vat-w-niemczech-rejestracja-i-rozliczenia","status":"publish","type":"page","link":"https:\/\/freistellungde.pl\/?page_id=35","title":{"rendered":"VAT w Niemczech (rejestracja i rozliczenia)"},"content":{"rendered":"\n<h3 class=\"wp-block-heading\">Opis us\u0142ugi<\/h3>\n\n\n\n<p>Rejestracja do podatku VAT w Niemczech (Umsatzsteuer)&nbsp;<strong>nie jest obowi\u0105zkowa w ka\u017cdym przypadku<\/strong>&nbsp;wykonywania us\u0142ug na terenie Niemiec.<br>Obowi\u0105zek podatkowy zale\u017cy w szczeg\u00f3lno\u015bci od rodzaju \u015bwiadczonych us\u0142ug, statusu odbiorcy (osoba prywatna lub przedsi\u0119biorca), miejsca opodatkowania oraz mo\u017cliwo\u015bci zastosowania mechanizmu odwrotnego obci\u0105\u017cenia zgodnie z \u00a713b niemieckiej ustawy o podatku od towar\u00f3w i us\u0142ug (Umsatzsteuergesetz \u2013 UStG).<\/p>\n\n\n\n<p>W przypadku \u015bwiadczenia us\u0142ug budowlanych lub pokrewnych na rzecz niemieckiego przedsi\u0119biorcy bardzo cz\u0119sto zastosowanie ma mechanizm&nbsp;<strong>reverse charge (\u00a713b UStG)<\/strong>. Oznacza to, \u017ce obowi\u0105zek rozliczenia podatku VAT spoczywa na nabywcy us\u0142ugi, a nie na polskim wykonawcy.<\/p>\n\n\n\n<p>Obowi\u0105zek rejestracji do VAT w Niemczech powstaje natomiast m.in. w sytuacji, gdy us\u0142ugi s\u0105 \u015bwiadczone na rzecz&nbsp;<strong>os\u00f3b prywatnych<\/strong>, gdy podatnik dokonuje sprzeda\u017cy towar\u00f3w na terenie Niemiec albo gdy miejsce opodatkowania VAT znajduje si\u0119 w Niemczech i nie ma zastosowania \u00a713b UStG.<\/p>\n\n\n\n<hr class=\"wp-block-separator has-alpha-channel-opacity\"\/>\n\n\n\n<h3 class=\"wp-block-heading\">Co to oznacza w praktyce?<\/h3>\n\n\n\n<p>Nie ka\u017cda polska firma pracuj\u0105ca w Niemczech musi mie\u0107 niemiecki VAT.<\/p>\n\n\n\n<p>Je\u017celi wykonujesz us\u0142ugi dla&nbsp;<strong>niemieckiej firmy<\/strong>&nbsp;i wystawiasz faktur\u0119 bez VAT z adnotacj\u0105 \u201e\u00a713b UStG \u2013 reverse charge\u201d, to w wi\u0119kszo\u015bci przypadk\u00f3w&nbsp;<strong>nie musisz rejestrowa\u0107 si\u0119 do VAT w Niemczech<\/strong>. Podatek rozlicza niemiecki kontrahent.<\/p>\n\n\n\n<p>Sytuacja wygl\u0105da inaczej, gdy wykonujesz us\u0142ugi dla&nbsp;<strong>os\u00f3b prywatnych<\/strong>. W takim przypadku VAT nale\u017cy rozliczy\u0107 w Niemczech, co zazwyczaj oznacza&nbsp;<strong>obowi\u0105zek rejestracji do niemieckiego VAT<\/strong>&nbsp;oraz sk\u0142adania deklaracji do Finanzamt.<\/p>\n\n\n\n<p>W praktyce kluczowe znaczenie ma:<\/p>\n\n\n\n<ul class=\"wp-block-list\">\n<li>dla kogo \u015bwiadczona jest us\u0142uga (firma czy osoba prywatna),<\/li>\n\n\n\n<li>jaki jest charakter wykonywanych prac,<\/li>\n\n\n\n<li>czy mo\u017cna zastosowa\u0107 mechanizm \u00a713b,<\/li>\n\n\n\n<li>gdzie znajduje si\u0119 miejsce opodatkowania VAT.<\/li>\n<\/ul>\n\n\n\n<p>Ka\u017cdy przypadek wymaga indywidualnej analizy. Nieprawid\u0142owa decyzja w zakresie VAT mo\u017ce skutkowa\u0107 zaleg\u0142o\u015bciami podatkowymi, odsetkami lub sankcjami ze strony niemieckiego urz\u0119du skarbowego.<\/p>\n\n\n\n<hr class=\"wp-block-separator has-alpha-channel-opacity\"\/>\n\n\n\n<h3 class=\"wp-block-heading\">Jak mo\u017cemy pom\u00f3c?<\/h3>\n\n\n\n<p>Przed rozpocz\u0119ciem lub w trakcie dzia\u0142alno\u015bci w Niemczech analizujemy, czy rejestracja do VAT jest faktycznie konieczna.<br>Wielu przedsi\u0119biorc\u00f3w rejestruje si\u0119 niepotrzebnie \u2013 naszym celem jest&nbsp;<strong>zastosowanie w\u0142a\u015bciwego rozwi\u0105zania zgodnie z przepisami<\/strong>, bez generowania zb\u0119dnych obowi\u0105zk\u00f3w.<\/p>\n\n\n\n<p><\/p>\n","protected":false},"excerpt":{"rendered":"<p>Opis us\u0142ugi Rejestracja do podatku VAT w Niemczech (Umsatzsteuer)&nbsp;nie jest obowi\u0105zkowa w ka\u017cdym przypadku&nbsp;wykonywania us\u0142ug na terenie Niemiec.Obowi\u0105zek podatkowy zale\u017cy w szczeg\u00f3lno\u015bci od rodzaju \u015bwiadczonych us\u0142ug, statusu odbiorcy (osoba prywatna lub przedsi\u0119biorca), miejsca opodatkowania oraz mo\u017cliwo\u015bci zastosowania mechanizmu odwrotnego obci\u0105\u017cenia zgodnie z \u00a713b niemieckiej ustawy o podatku od towar\u00f3w i us\u0142ug (Umsatzsteuergesetz \u2013 UStG). W &hellip; <\/p>\n<p class=\"link-more\"><a href=\"https:\/\/freistellungde.pl\/?page_id=35\" class=\"more-link\">Continue reading<span class=\"screen-reader-text\"> &#8220;VAT w Niemczech (rejestracja i rozliczenia)&#8221;<\/span><\/a><\/p>\n","protected":false},"author":1,"featured_media":0,"parent":27,"menu_order":0,"comment_status":"closed","ping_status":"closed","template":"","meta":{"footnotes":""},"class_list":["post-35","page","type-page","status-publish","hentry"],"_links":{"self":[{"href":"https:\/\/freistellungde.pl\/index.php?rest_route=\/wp\/v2\/pages\/35","targetHints":{"allow":["GET"]}}],"collection":[{"href":"https:\/\/freistellungde.pl\/index.php?rest_route=\/wp\/v2\/pages"}],"about":[{"href":"https:\/\/freistellungde.pl\/index.php?rest_route=\/wp\/v2\/types\/page"}],"author":[{"embeddable":true,"href":"https:\/\/freistellungde.pl\/index.php?rest_route=\/wp\/v2\/users\/1"}],"replies":[{"embeddable":true,"href":"https:\/\/freistellungde.pl\/index.php?rest_route=%2Fwp%2Fv2%2Fcomments&post=35"}],"version-history":[{"count":1,"href":"https:\/\/freistellungde.pl\/index.php?rest_route=\/wp\/v2\/pages\/35\/revisions"}],"predecessor-version":[{"id":36,"href":"https:\/\/freistellungde.pl\/index.php?rest_route=\/wp\/v2\/pages\/35\/revisions\/36"}],"up":[{"embeddable":true,"href":"https:\/\/freistellungde.pl\/index.php?rest_route=\/wp\/v2\/pages\/27"}],"wp:attachment":[{"href":"https:\/\/freistellungde.pl\/index.php?rest_route=%2Fwp%2Fv2%2Fmedia&parent=35"}],"curies":[{"name":"wp","href":"https:\/\/api.w.org\/{rel}","templated":true}]}}